{"id":7,"date":"2015-08-13T09:16:01","date_gmt":"2015-08-13T08:16:01","guid":{"rendered":"http:\/\/test-install-prestashop.tk\/?page_id=7"},"modified":"2024-10-28T09:12:31","modified_gmt":"2024-10-28T08:12:31","slug":"presentation","status":"publish","type":"page","link":"https:\/\/forbach-histoire.fr\/57\/presentation\/","title":{"rendered":"Pr\u00e9sentation"},"content":{"rendered":"<p>En 2005, un groupe de passionn\u00e9s de l&rsquo;histoire d\u00e9cide de cr\u00e9er une association destin\u00e9e \u00e0 faire connaitre le riche pass\u00e9 de la ville de Forbach et de sa r\u00e9gion.<\/p>\n<p>Aujourd&rsquo;hui, le cercle d&rsquo;histoire locale de Forbach et sa r\u00e9gion \u00ab\u00a0<em>Die Furbacher<\/em>\u00a0\u00bb a accompli un travail cons\u00e9quent: pr\u00e8s de quatre-vingt communications, plusieurs publications, l&rsquo;organisation de manifestations en direction des scolaires, de conf\u00e9rences, d&rsquo;expositions, de \u00ab\u00a0<em>Maistub<\/em>\u00ab\u00a0, de rencontres mensuelles &#8211; moments privil\u00e9gi\u00e9s de convivialit\u00e9 et d&rsquo;\u00e9changes de souvenirs -, et la participation chaque ann\u00e9e aux Journ\u00e9es du Patrimoine.<\/p>\n<p>Ce site Internet vous invite \u00e0 d\u00e9couvrir, en texte et en images, les diverses r\u00e9alisations de l&rsquo;association.<\/p>\n<p>Si notre travail a forc\u00e9 l&rsquo;estime de nombreuses personnes et obtenu le soutien actif de la commune qui a charg\u00e9 les \u00ab\u00a0<em>Furbacher<\/em>\u00a0\u00bb de la gestion de la salle du patrimoine, local attenant \u00e0 ceux de l&rsquo;Office de Tourisme au ch\u00e2teau Barabino, nous sommes conscients que le chantier de la connaissance historique de notre ville et de sa r\u00e9gion demeure immense.<\/p>\n<p>Heureusement, notre passion reste intacte. Nous poursuivrons nos recherches, nos travaux de synth\u00e8se, d&rsquo;\u00e9criture, de publication et d&rsquo;exposition pour continuer \u00e0 promouvoir la connaissance du patrimoine historique de Forbach et de sa r\u00e9gion.<\/p>\n<p>Mais pour r\u00e9ussir, nous avons besoin de votre soutien et de votre aide. Chacun d&rsquo;entre vous peut adh\u00e9rer \u00e0 notre association ou lui apporter son concours par la communication de documents que nous nous engageons \u00e0 vous rendre dans les plus brefs d\u00e9lais.<\/p>\n<p>Vous pouvez le faire en prenant contact avec nous par le formulaire \u00ab\u00a0contact\u00a0\u00bb du menu principal, ou en participant \u00e0 l&rsquo;une de nos r\u00e9unions mensuelles r\u00e9guli\u00e8rement annonc\u00e9es dans la presse locale ou sur la page \u00ab\u00a0calendrier \u00a0\u00bb de ce site.<\/p>\n<h5><em>Par avance, merci.<\/em><\/h5>\n","protected":false},"excerpt":{"rendered":"<p>En 2005, un groupe de passionn\u00e9s de l&rsquo;histoire d\u00e9cide de cr\u00e9er une association destin\u00e9e \u00e0 faire connaitre le riche pass\u00e9 de la ville de Forbach et de sa r\u00e9gion. Aujourd&rsquo;hui, le cercle d&rsquo;histoire locale de Forbach et sa r\u00e9gion \u00ab\u00a0Die Furbacher\u00a0\u00bb a accompli un travail cons\u00e9quent: pr\u00e8s de quatre-vingt communications, plusieurs publications, l&rsquo;organisation de manifestations [&hellip;]<\/p>\n","protected":false},"author":1,"featured_media":0,"parent":0,"menu_order":0,"comment_status":"open","ping_status":"open","template":"","meta":{"jetpack_post_was_ever_published":false,"footnotes":""},"class_list":["post-7","page","type-page","status-publish","hentry"],"yoast_head":"<!-- This site is optimized with the Yoast SEO plugin v26.9 - https:\/\/yoast.com\/product\/yoast-seo-wordpress\/ -->\n<title>Pr\u00e9sentation - Die Furbacher<\/title>\n<meta name=\"robots\" content=\"index, follow, max-snippet:-1, max-image-preview:large, max-video-preview:-1\" \/>\n<link rel=\"canonical\" href=\"https:\/\/forbach-histoire.fr\/57\/presentation\/\" \/>\n<meta property=\"og:locale\" content=\"fr_FR\" \/>\n<meta property=\"og:type\" content=\"article\" \/>\n<meta property=\"og:title\" content=\"Pr\u00e9sentation - Die Furbacher\" \/>\n<meta property=\"og:description\" content=\"En 2005, un groupe de passionn\u00e9s de l&rsquo;histoire d\u00e9cide de cr\u00e9er une association destin\u00e9e \u00e0 faire connaitre le riche pass\u00e9 de la ville de Forbach et de sa r\u00e9gion. Aujourd&rsquo;hui, le cercle d&rsquo;histoire locale de Forbach et sa r\u00e9gion \u00ab\u00a0Die Furbacher\u00a0\u00bb a accompli un travail cons\u00e9quent: pr\u00e8s de quatre-vingt communications, plusieurs publications, l&rsquo;organisation de manifestations [&hellip;]\" \/>\n<meta property=\"og:url\" content=\"https:\/\/forbach-histoire.fr\/57\/presentation\/\" \/>\n<meta property=\"og:site_name\" content=\"Die Furbacher\" \/>\n<meta property=\"article:publisher\" content=\"https:\/\/www.facebook.com\/dieFurbacher\/\" \/>\n<meta property=\"article:modified_time\" content=\"2024-10-28T08:12:31+00:00\" \/>\n<meta name=\"twitter:label1\" content=\"Dur\u00e9e de lecture estim\u00e9e\" \/>\n\t<meta name=\"twitter:data1\" content=\"2 minutes\" \/>\n<script type=\"application\/ld+json\" class=\"yoast-schema-graph\">{\"@context\":\"https:\/\/schema.org\",\"@graph\":[{\"@type\":\"WebPage\",\"@id\":\"https:\/\/forbach-histoire.fr\/57\/presentation\/\",\"url\":\"https:\/\/forbach-histoire.fr\/57\/presentation\/\",\"name\":\"Pr\u00e9sentation - Die Furbacher\",\"isPartOf\":{\"@id\":\"https:\/\/forbach-histoire.fr\/57\/#website\"},\"datePublished\":\"2015-08-13T08:16:01+00:00\",\"dateModified\":\"2024-10-28T08:12:31+00:00\",\"breadcrumb\":{\"@id\":\"https:\/\/forbach-histoire.fr\/57\/presentation\/#breadcrumb\"},\"inLanguage\":\"fr-FR\",\"potentialAction\":[{\"@type\":\"ReadAction\",\"target\":[\"https:\/\/forbach-histoire.fr\/57\/presentation\/\"]}]},{\"@type\":\"BreadcrumbList\",\"@id\":\"https:\/\/forbach-histoire.fr\/57\/presentation\/#breadcrumb\",\"itemListElement\":[{\"@type\":\"ListItem\",\"position\":1,\"name\":\"Accueil\",\"item\":\"https:\/\/forbach-histoire.fr\/57\/\"},{\"@type\":\"ListItem\",\"position\":2,\"name\":\"Pr\u00e9sentation\"}]},{\"@type\":\"WebSite\",\"@id\":\"https:\/\/forbach-histoire.fr\/57\/#website\",\"url\":\"https:\/\/forbach-histoire.fr\/57\/\",\"name\":\"Die Furbacher\",\"description\":\"\",\"publisher\":{\"@id\":\"https:\/\/forbach-histoire.fr\/57\/#organization\"},\"potentialAction\":[{\"@type\":\"SearchAction\",\"target\":{\"@type\":\"EntryPoint\",\"urlTemplate\":\"https:\/\/forbach-histoire.fr\/57\/?s={search_term_string}\"},\"query-input\":{\"@type\":\"PropertyValueSpecification\",\"valueRequired\":true,\"valueName\":\"search_term_string\"}}],\"inLanguage\":\"fr-FR\"},{\"@type\":\"Organization\",\"@id\":\"https:\/\/forbach-histoire.fr\/57\/#organization\",\"name\":\"Die Furbacher\",\"url\":\"https:\/\/forbach-histoire.fr\/57\/\",\"logo\":{\"@type\":\"ImageObject\",\"inLanguage\":\"fr-FR\",\"@id\":\"https:\/\/forbach-histoire.fr\/57\/#\/schema\/logo\/image\/\",\"url\":\"https:\/\/i2.wp.com\/forbach-histoire.fr\/57\/wp-content\/uploads\/2016\/09\/Logo_small.png?fit=360%2C203\",\"contentUrl\":\"https:\/\/i2.wp.com\/forbach-histoire.fr\/57\/wp-content\/uploads\/2016\/09\/Logo_small.png?fit=360%2C203\",\"width\":360,\"height\":203,\"caption\":\"Die Furbacher\"},\"image\":{\"@id\":\"https:\/\/forbach-histoire.fr\/57\/#\/schema\/logo\/image\/\"},\"sameAs\":[\"https:\/\/www.facebook.com\/dieFurbacher\/\"]}]}<\/script>\n<!-- \/ Yoast SEO plugin. -->","yoast_head_json":{"title":"Pr\u00e9sentation - Die Furbacher","robots":{"index":"index","follow":"follow","max-snippet":"max-snippet:-1","max-image-preview":"max-image-preview:large","max-video-preview":"max-video-preview:-1"},"canonical":"https:\/\/forbach-histoire.fr\/57\/presentation\/","og_locale":"fr_FR","og_type":"article","og_title":"Pr\u00e9sentation - Die Furbacher","og_description":"En 2005, un groupe de passionn\u00e9s de l&rsquo;histoire d\u00e9cide de cr\u00e9er une association destin\u00e9e \u00e0 faire connaitre le riche pass\u00e9 de la ville de Forbach et de sa r\u00e9gion. Aujourd&rsquo;hui, le cercle d&rsquo;histoire locale de Forbach et sa r\u00e9gion \u00ab\u00a0Die Furbacher\u00a0\u00bb a accompli un travail cons\u00e9quent: pr\u00e8s de quatre-vingt communications, plusieurs publications, l&rsquo;organisation de manifestations [&hellip;]","og_url":"https:\/\/forbach-histoire.fr\/57\/presentation\/","og_site_name":"Die Furbacher","article_publisher":"https:\/\/www.facebook.com\/dieFurbacher\/","article_modified_time":"2024-10-28T08:12:31+00:00","twitter_misc":{"Dur\u00e9e de lecture estim\u00e9e":"2 minutes"},"schema":{"@context":"https:\/\/schema.org","@graph":[{"@type":"WebPage","@id":"https:\/\/forbach-histoire.fr\/57\/presentation\/","url":"https:\/\/forbach-histoire.fr\/57\/presentation\/","name":"Pr\u00e9sentation - Die Furbacher","isPartOf":{"@id":"https:\/\/forbach-histoire.fr\/57\/#website"},"datePublished":"2015-08-13T08:16:01+00:00","dateModified":"2024-10-28T08:12:31+00:00","breadcrumb":{"@id":"https:\/\/forbach-histoire.fr\/57\/presentation\/#breadcrumb"},"inLanguage":"fr-FR","potentialAction":[{"@type":"ReadAction","target":["https:\/\/forbach-histoire.fr\/57\/presentation\/"]}]},{"@type":"BreadcrumbList","@id":"https:\/\/forbach-histoire.fr\/57\/presentation\/#breadcrumb","itemListElement":[{"@type":"ListItem","position":1,"name":"Accueil","item":"https:\/\/forbach-histoire.fr\/57\/"},{"@type":"ListItem","position":2,"name":"Pr\u00e9sentation"}]},{"@type":"WebSite","@id":"https:\/\/forbach-histoire.fr\/57\/#website","url":"https:\/\/forbach-histoire.fr\/57\/","name":"Die Furbacher","description":"","publisher":{"@id":"https:\/\/forbach-histoire.fr\/57\/#organization"},"potentialAction":[{"@type":"SearchAction","target":{"@type":"EntryPoint","urlTemplate":"https:\/\/forbach-histoire.fr\/57\/?s={search_term_string}"},"query-input":{"@type":"PropertyValueSpecification","valueRequired":true,"valueName":"search_term_string"}}],"inLanguage":"fr-FR"},{"@type":"Organization","@id":"https:\/\/forbach-histoire.fr\/57\/#organization","name":"Die Furbacher","url":"https:\/\/forbach-histoire.fr\/57\/","logo":{"@type":"ImageObject","inLanguage":"fr-FR","@id":"https:\/\/forbach-histoire.fr\/57\/#\/schema\/logo\/image\/","url":"https:\/\/i2.wp.com\/forbach-histoire.fr\/57\/wp-content\/uploads\/2016\/09\/Logo_small.png?fit=360%2C203","contentUrl":"https:\/\/i2.wp.com\/forbach-histoire.fr\/57\/wp-content\/uploads\/2016\/09\/Logo_small.png?fit=360%2C203","width":360,"height":203,"caption":"Die Furbacher"},"image":{"@id":"https:\/\/forbach-histoire.fr\/57\/#\/schema\/logo\/image\/"},"sameAs":["https:\/\/www.facebook.com\/dieFurbacher\/"]}]}},"jetpack_sharing_enabled":true,"jetpack_shortlink":"https:\/\/wp.me\/P8bw07-7","jetpack-related-posts":[],"_links":{"self":[{"href":"https:\/\/forbach-histoire.fr\/57\/wp-json\/wp\/v2\/pages\/7","targetHints":{"allow":["GET"]}}],"collection":[{"href":"https:\/\/forbach-histoire.fr\/57\/wp-json\/wp\/v2\/pages"}],"about":[{"href":"https:\/\/forbach-histoire.fr\/57\/wp-json\/wp\/v2\/types\/page"}],"author":[{"embeddable":true,"href":"https:\/\/forbach-histoire.fr\/57\/wp-json\/wp\/v2\/users\/1"}],"replies":[{"embeddable":true,"href":"https:\/\/forbach-histoire.fr\/57\/wp-json\/wp\/v2\/comments?post=7"}],"version-history":[{"count":13,"href":"https:\/\/forbach-histoire.fr\/57\/wp-json\/wp\/v2\/pages\/7\/revisions"}],"predecessor-version":[{"id":3896,"href":"https:\/\/forbach-histoire.fr\/57\/wp-json\/wp\/v2\/pages\/7\/revisions\/3896"}],"wp:attachment":[{"href":"https:\/\/forbach-histoire.fr\/57\/wp-json\/wp\/v2\/media?parent=7"}],"curies":[{"name":"wp","href":"https:\/\/api.w.org\/{rel}","templated":true}]}}