{"id":40,"date":"2016-09-10T18:38:00","date_gmt":"2016-09-10T17:38:00","guid":{"rendered":"http:\/\/forbach-histoire.fr\/57\/?page_id=40"},"modified":"2016-11-25T18:02:50","modified_gmt":"2016-11-25T17:02:50","slug":"in-furbacher-platt","status":"publish","type":"page","link":"https:\/\/forbach-histoire.fr\/57\/in-furbacher-platt\/","title":{"rendered":"In Furbacher Platt"},"content":{"rendered":"<blockquote>\n<p style=\"text-align: center;\">Sticker\u00a0fufzehn\u00a0Furbacher, \u00e4ltere unn Jingere, honn sich zesommegeschloss. Sie m\u00e8chte nit dass die Erinnerung onn unsere furbacher Geschicht verlor geht.<\/p>\n<p style=\"text-align: center;\">Sie versommle sich \u00e8nmol im Monad um ihre Erfahrunge unn Geschichtsdokumente ze vergliche oder umzetusche.<\/p>\n<p style=\"text-align: center;\">Sie honn im Sinn :<\/p>\n<p style=\"text-align: center;\">E gem\u00e4nsomi Geschichtlichi Forschungs\u00e4rwet uf de B\u00e4\u00e4n ze bringe.<\/p>\n<p style=\"text-align: center;\">N\u00e8ijere Informatione ze sommle, nidderschriwe, in Kenntnis setze, ver\u00e9ffentliche, klassiere.<\/p>\n<p style=\"text-align: center;\">Sie verpflichte sich Biller, Poschtkaade, Bicher, Dokumente, zesommezubringe unn uszetusche.<\/p>\n<p style=\"text-align: center;\">Sie wille zesommeschaffe, jeder noh sinner Aat und Spezialit\u00e4t. Jeder isch bemieht sich do dronn ze halle unn hofft dass ebbes Konkretes debie eruskummt.<\/p>\n<\/blockquote>\n<p>Raymond Herzog<\/p>\n<hr \/>\n<blockquote>\n<p style=\"text-align: center;\">Wer in Forbach<\/p>\n<p style=\"text-align: center;\">Heit noch Furbach saat<\/p>\n<p style=\"text-align: center;\">Isch sicher do dehemm<\/p>\n<p style=\"text-align: center;\">Wer awer mennt<\/p>\n<p style=\"text-align: center;\">Dass er vun Forbach w\u00e4r<\/p>\n<p style=\"text-align: center;\">Kummt sicher vun sunschwo her<\/p>\n<\/blockquote>\n<p>Marcel Barthen<\/p>\n<hr \/>\n<p>&nbsp;<\/p>\n<p>&nbsp;<\/p>\n","protected":false},"excerpt":{"rendered":"<p>Sticker\u00a0fufzehn\u00a0Furbacher, \u00e4ltere unn Jingere, honn sich zesommegeschloss. Sie m\u00e8chte nit dass die Erinnerung onn unsere furbacher Geschicht verlor geht. Sie versommle sich \u00e8nmol im Monad um ihre Erfahrunge unn Geschichtsdokumente ze vergliche oder umzetusche. Sie honn im Sinn : E gem\u00e4nsomi Geschichtlichi Forschungs\u00e4rwet uf de B\u00e4\u00e4n ze bringe. N\u00e8ijere Informatione ze sommle, nidderschriwe, in Kenntnis [&hellip;]<\/p>\n","protected":false},"author":1,"featured_media":0,"parent":0,"menu_order":0,"comment_status":"closed","ping_status":"closed","template":"","meta":{"jetpack_post_was_ever_published":false,"footnotes":""},"class_list":["post-40","page","type-page","status-publish","hentry"],"yoast_head":"<!-- This site is optimized with the Yoast SEO plugin v26.9 - https:\/\/yoast.com\/product\/yoast-seo-wordpress\/ -->\n<title>In Furbacher Platt - Die Furbacher<\/title>\n<meta name=\"robots\" content=\"index, follow, max-snippet:-1, max-image-preview:large, max-video-preview:-1\" \/>\n<link rel=\"canonical\" href=\"https:\/\/forbach-histoire.fr\/57\/in-furbacher-platt\/\" \/>\n<meta property=\"og:locale\" content=\"fr_FR\" \/>\n<meta property=\"og:type\" content=\"article\" \/>\n<meta property=\"og:title\" content=\"In Furbacher Platt - Die Furbacher\" \/>\n<meta property=\"og:description\" content=\"Sticker\u00a0fufzehn\u00a0Furbacher, \u00e4ltere unn Jingere, honn sich zesommegeschloss. Sie m\u00e8chte nit dass die Erinnerung onn unsere furbacher Geschicht verlor geht. Sie versommle sich \u00e8nmol im Monad um ihre Erfahrunge unn Geschichtsdokumente ze vergliche oder umzetusche. Sie honn im Sinn : E gem\u00e4nsomi Geschichtlichi Forschungs\u00e4rwet uf de B\u00e4\u00e4n ze bringe. N\u00e8ijere Informatione ze sommle, nidderschriwe, in Kenntnis [&hellip;]\" \/>\n<meta property=\"og:url\" content=\"https:\/\/forbach-histoire.fr\/57\/in-furbacher-platt\/\" \/>\n<meta property=\"og:site_name\" content=\"Die Furbacher\" \/>\n<meta property=\"article:publisher\" content=\"https:\/\/www.facebook.com\/dieFurbacher\/\" \/>\n<meta property=\"article:modified_time\" content=\"2016-11-25T17:02:50+00:00\" \/>\n<meta name=\"twitter:label1\" content=\"Dur\u00e9e de lecture estim\u00e9e\" \/>\n\t<meta name=\"twitter:data1\" content=\"1 minute\" \/>\n<script type=\"application\/ld+json\" class=\"yoast-schema-graph\">{\"@context\":\"https:\/\/schema.org\",\"@graph\":[{\"@type\":\"WebPage\",\"@id\":\"https:\/\/forbach-histoire.fr\/57\/in-furbacher-platt\/\",\"url\":\"https:\/\/forbach-histoire.fr\/57\/in-furbacher-platt\/\",\"name\":\"In Furbacher Platt - Die Furbacher\",\"isPartOf\":{\"@id\":\"https:\/\/forbach-histoire.fr\/57\/#website\"},\"datePublished\":\"2016-09-10T17:38:00+00:00\",\"dateModified\":\"2016-11-25T17:02:50+00:00\",\"breadcrumb\":{\"@id\":\"https:\/\/forbach-histoire.fr\/57\/in-furbacher-platt\/#breadcrumb\"},\"inLanguage\":\"fr-FR\",\"potentialAction\":[{\"@type\":\"ReadAction\",\"target\":[\"https:\/\/forbach-histoire.fr\/57\/in-furbacher-platt\/\"]}]},{\"@type\":\"BreadcrumbList\",\"@id\":\"https:\/\/forbach-histoire.fr\/57\/in-furbacher-platt\/#breadcrumb\",\"itemListElement\":[{\"@type\":\"ListItem\",\"position\":1,\"name\":\"Accueil\",\"item\":\"https:\/\/forbach-histoire.fr\/57\/\"},{\"@type\":\"ListItem\",\"position\":2,\"name\":\"In Furbacher Platt\"}]},{\"@type\":\"WebSite\",\"@id\":\"https:\/\/forbach-histoire.fr\/57\/#website\",\"url\":\"https:\/\/forbach-histoire.fr\/57\/\",\"name\":\"Die Furbacher\",\"description\":\"\",\"publisher\":{\"@id\":\"https:\/\/forbach-histoire.fr\/57\/#organization\"},\"potentialAction\":[{\"@type\":\"SearchAction\",\"target\":{\"@type\":\"EntryPoint\",\"urlTemplate\":\"https:\/\/forbach-histoire.fr\/57\/?s={search_term_string}\"},\"query-input\":{\"@type\":\"PropertyValueSpecification\",\"valueRequired\":true,\"valueName\":\"search_term_string\"}}],\"inLanguage\":\"fr-FR\"},{\"@type\":\"Organization\",\"@id\":\"https:\/\/forbach-histoire.fr\/57\/#organization\",\"name\":\"Die Furbacher\",\"url\":\"https:\/\/forbach-histoire.fr\/57\/\",\"logo\":{\"@type\":\"ImageObject\",\"inLanguage\":\"fr-FR\",\"@id\":\"https:\/\/forbach-histoire.fr\/57\/#\/schema\/logo\/image\/\",\"url\":\"https:\/\/i2.wp.com\/forbach-histoire.fr\/57\/wp-content\/uploads\/2016\/09\/Logo_small.png?fit=360%2C203\",\"contentUrl\":\"https:\/\/i2.wp.com\/forbach-histoire.fr\/57\/wp-content\/uploads\/2016\/09\/Logo_small.png?fit=360%2C203\",\"width\":360,\"height\":203,\"caption\":\"Die Furbacher\"},\"image\":{\"@id\":\"https:\/\/forbach-histoire.fr\/57\/#\/schema\/logo\/image\/\"},\"sameAs\":[\"https:\/\/www.facebook.com\/dieFurbacher\/\"]}]}<\/script>\n<!-- \/ Yoast SEO plugin. -->","yoast_head_json":{"title":"In Furbacher Platt - Die Furbacher","robots":{"index":"index","follow":"follow","max-snippet":"max-snippet:-1","max-image-preview":"max-image-preview:large","max-video-preview":"max-video-preview:-1"},"canonical":"https:\/\/forbach-histoire.fr\/57\/in-furbacher-platt\/","og_locale":"fr_FR","og_type":"article","og_title":"In Furbacher Platt - Die Furbacher","og_description":"Sticker\u00a0fufzehn\u00a0Furbacher, \u00e4ltere unn Jingere, honn sich zesommegeschloss. Sie m\u00e8chte nit dass die Erinnerung onn unsere furbacher Geschicht verlor geht. Sie versommle sich \u00e8nmol im Monad um ihre Erfahrunge unn Geschichtsdokumente ze vergliche oder umzetusche. Sie honn im Sinn : E gem\u00e4nsomi Geschichtlichi Forschungs\u00e4rwet uf de B\u00e4\u00e4n ze bringe. N\u00e8ijere Informatione ze sommle, nidderschriwe, in Kenntnis [&hellip;]","og_url":"https:\/\/forbach-histoire.fr\/57\/in-furbacher-platt\/","og_site_name":"Die Furbacher","article_publisher":"https:\/\/www.facebook.com\/dieFurbacher\/","article_modified_time":"2016-11-25T17:02:50+00:00","twitter_misc":{"Dur\u00e9e de lecture estim\u00e9e":"1 minute"},"schema":{"@context":"https:\/\/schema.org","@graph":[{"@type":"WebPage","@id":"https:\/\/forbach-histoire.fr\/57\/in-furbacher-platt\/","url":"https:\/\/forbach-histoire.fr\/57\/in-furbacher-platt\/","name":"In Furbacher Platt - Die Furbacher","isPartOf":{"@id":"https:\/\/forbach-histoire.fr\/57\/#website"},"datePublished":"2016-09-10T17:38:00+00:00","dateModified":"2016-11-25T17:02:50+00:00","breadcrumb":{"@id":"https:\/\/forbach-histoire.fr\/57\/in-furbacher-platt\/#breadcrumb"},"inLanguage":"fr-FR","potentialAction":[{"@type":"ReadAction","target":["https:\/\/forbach-histoire.fr\/57\/in-furbacher-platt\/"]}]},{"@type":"BreadcrumbList","@id":"https:\/\/forbach-histoire.fr\/57\/in-furbacher-platt\/#breadcrumb","itemListElement":[{"@type":"ListItem","position":1,"name":"Accueil","item":"https:\/\/forbach-histoire.fr\/57\/"},{"@type":"ListItem","position":2,"name":"In Furbacher Platt"}]},{"@type":"WebSite","@id":"https:\/\/forbach-histoire.fr\/57\/#website","url":"https:\/\/forbach-histoire.fr\/57\/","name":"Die Furbacher","description":"","publisher":{"@id":"https:\/\/forbach-histoire.fr\/57\/#organization"},"potentialAction":[{"@type":"SearchAction","target":{"@type":"EntryPoint","urlTemplate":"https:\/\/forbach-histoire.fr\/57\/?s={search_term_string}"},"query-input":{"@type":"PropertyValueSpecification","valueRequired":true,"valueName":"search_term_string"}}],"inLanguage":"fr-FR"},{"@type":"Organization","@id":"https:\/\/forbach-histoire.fr\/57\/#organization","name":"Die Furbacher","url":"https:\/\/forbach-histoire.fr\/57\/","logo":{"@type":"ImageObject","inLanguage":"fr-FR","@id":"https:\/\/forbach-histoire.fr\/57\/#\/schema\/logo\/image\/","url":"https:\/\/i2.wp.com\/forbach-histoire.fr\/57\/wp-content\/uploads\/2016\/09\/Logo_small.png?fit=360%2C203","contentUrl":"https:\/\/i2.wp.com\/forbach-histoire.fr\/57\/wp-content\/uploads\/2016\/09\/Logo_small.png?fit=360%2C203","width":360,"height":203,"caption":"Die Furbacher"},"image":{"@id":"https:\/\/forbach-histoire.fr\/57\/#\/schema\/logo\/image\/"},"sameAs":["https:\/\/www.facebook.com\/dieFurbacher\/"]}]}},"jetpack_sharing_enabled":true,"jetpack_shortlink":"https:\/\/wp.me\/P8bw07-E","jetpack-related-posts":[],"_links":{"self":[{"href":"https:\/\/forbach-histoire.fr\/57\/wp-json\/wp\/v2\/pages\/40","targetHints":{"allow":["GET"]}}],"collection":[{"href":"https:\/\/forbach-histoire.fr\/57\/wp-json\/wp\/v2\/pages"}],"about":[{"href":"https:\/\/forbach-histoire.fr\/57\/wp-json\/wp\/v2\/types\/page"}],"author":[{"embeddable":true,"href":"https:\/\/forbach-histoire.fr\/57\/wp-json\/wp\/v2\/users\/1"}],"replies":[{"embeddable":true,"href":"https:\/\/forbach-histoire.fr\/57\/wp-json\/wp\/v2\/comments?post=40"}],"version-history":[{"count":3,"href":"https:\/\/forbach-histoire.fr\/57\/wp-json\/wp\/v2\/pages\/40\/revisions"}],"predecessor-version":[{"id":357,"href":"https:\/\/forbach-histoire.fr\/57\/wp-json\/wp\/v2\/pages\/40\/revisions\/357"}],"wp:attachment":[{"href":"https:\/\/forbach-histoire.fr\/57\/wp-json\/wp\/v2\/media?parent=40"}],"curies":[{"name":"wp","href":"https:\/\/api.w.org\/{rel}","templated":true}]}}