{"id":198,"date":"2016-11-07T19:35:36","date_gmt":"2016-11-07T18:35:36","guid":{"rendered":"http:\/\/forbach-histoire.fr\/57\/?page_id=198"},"modified":"2016-11-25T17:54:26","modified_gmt":"2016-11-25T16:54:26","slug":"memoire-locale","status":"publish","type":"page","link":"https:\/\/forbach-histoire.fr\/57\/memoire-locale\/","title":{"rendered":"M\u00e9moire locale"},"content":{"rendered":"<h2 style=\"text-align: center;\">Espace d\u00e9di\u00e9 \u00e0 la m\u00e9moire locale<\/h2>\n<p style=\"text-align: center;\">\u00e0 l&rsquo;Office du Tourisme du Pays de Forbach, au Ch\u00e2teau Barrabino<\/p>\n<figure id=\"attachment_353\" aria-describedby=\"caption-attachment-353\" style=\"width: 300px\" class=\"wp-caption aligncenter\"><a href=\"https:\/\/i0.wp.com\/forbach-histoire.fr\/57\/wp-content\/uploads\/2016\/11\/Office-du-Tourisme.jpg?ssl=1\" target=\"_blank\"><img data-recalc-dims=\"1\" fetchpriority=\"high\" decoding=\"async\" data-attachment-id=\"353\" data-permalink=\"https:\/\/forbach-histoire.fr\/57\/memoire-locale\/hdrtist-hdr-rendering-httpwww-ohanaware-comhdrtist\/\" data-orig-file=\"https:\/\/i0.wp.com\/forbach-histoire.fr\/57\/wp-content\/uploads\/2016\/11\/Office-du-Tourisme.jpg?fit=396%2C272&amp;ssl=1\" data-orig-size=\"396,272\" data-comments-opened=\"1\" data-image-meta=\"{&quot;aperture&quot;:&quot;7.1&quot;,&quot;credit&quot;:&quot;&quot;,&quot;camera&quot;:&quot;&quot;,&quot;caption&quot;:&quot;HDRtist HDR Rendering - http:\/\/www.ohanaware.com\/hdrtist\/&quot;,&quot;created_timestamp&quot;:&quot;1305725453&quot;,&quot;copyright&quot;:&quot;&quot;,&quot;focal_length&quot;:&quot;11.2&quot;,&quot;iso&quot;:&quot;100&quot;,&quot;shutter_speed&quot;:&quot;0.003125&quot;,&quot;title&quot;:&quot;HDRtist HDR Rendering - http:\/\/www.ohanaware.com\/hdrtist\/&quot;,&quot;orientation&quot;:&quot;0&quot;}\" data-image-title=\"HDRtist HDR Rendering &amp;#8211; http:\/\/www.ohanaware.com\/hdrtist\/\" data-image-description=\"\" data-image-caption=\"&lt;p&gt;HDRtist HDR Rendering &amp;#8211; http:\/\/www.ohanaware.com\/hdrtist\/&lt;\/p&gt;\n\" data-medium-file=\"https:\/\/i0.wp.com\/forbach-histoire.fr\/57\/wp-content\/uploads\/2016\/11\/Office-du-Tourisme.jpg?fit=300%2C206&amp;ssl=1\" data-large-file=\"https:\/\/i0.wp.com\/forbach-histoire.fr\/57\/wp-content\/uploads\/2016\/11\/Office-du-Tourisme.jpg?fit=396%2C272&amp;ssl=1\" class=\"wp-image-353 size-medium\" src=\"https:\/\/i0.wp.com\/forbach-histoire.fr\/57\/wp-content\/uploads\/2016\/11\/Office-du-Tourisme.jpg?resize=300%2C206&#038;ssl=1\" width=\"300\" height=\"206\" srcset=\"https:\/\/i0.wp.com\/forbach-histoire.fr\/57\/wp-content\/uploads\/2016\/11\/Office-du-Tourisme.jpg?resize=300%2C206&amp;ssl=1 300w, https:\/\/i0.wp.com\/forbach-histoire.fr\/57\/wp-content\/uploads\/2016\/11\/Office-du-Tourisme.jpg?w=396&amp;ssl=1 396w\" sizes=\"(max-width: 300px) 100vw, 300px\" \/><\/a><figcaption id=\"caption-attachment-353\" class=\"wp-caption-text\">Office du Tourisme de Forbach<\/figcaption><\/figure>\n<hr \/>\n<h3 style=\"text-align: center;\"><\/h3>\n<hr \/>\n<p style=\"text-align: center;\">18\/09\/2015<\/p>\n<p style=\"text-align: center;\"><a href=\"https:\/\/i0.wp.com\/forbach-histoire.fr\/57\/wp-content\/uploads\/2016\/11\/Inauguration-Place-Wilmin-18-09-2015-DSC_1226.jpg?ssl=1\" target=\"_blank\"><img data-recalc-dims=\"1\" decoding=\"async\" data-attachment-id=\"187\" data-permalink=\"https:\/\/forbach-histoire.fr\/57\/memoire-locale\/inauguration-place-wilmin-18-09-2015-dsc_1226\/\" data-orig-file=\"https:\/\/i0.wp.com\/forbach-histoire.fr\/57\/wp-content\/uploads\/2016\/11\/Inauguration-Place-Wilmin-18-09-2015-DSC_1226.jpg?fit=680%2C1024&amp;ssl=1\" data-orig-size=\"680,1024\" data-comments-opened=\"1\" data-image-meta=\"{&quot;aperture&quot;:&quot;0&quot;,&quot;credit&quot;:&quot;&quot;,&quot;camera&quot;:&quot;&quot;,&quot;caption&quot;:&quot;&quot;,&quot;created_timestamp&quot;:&quot;0&quot;,&quot;copyright&quot;:&quot;&quot;,&quot;focal_length&quot;:&quot;0&quot;,&quot;iso&quot;:&quot;0&quot;,&quot;shutter_speed&quot;:&quot;0&quot;,&quot;title&quot;:&quot;&quot;,&quot;orientation&quot;:&quot;0&quot;}\" data-image-title=\"inauguration-place-wilmin-18-09-2015-dsc_1226\" data-image-description=\"\" data-image-caption=\"\" data-medium-file=\"https:\/\/i0.wp.com\/forbach-histoire.fr\/57\/wp-content\/uploads\/2016\/11\/Inauguration-Place-Wilmin-18-09-2015-DSC_1226.jpg?fit=199%2C300&amp;ssl=1\" data-large-file=\"https:\/\/i0.wp.com\/forbach-histoire.fr\/57\/wp-content\/uploads\/2016\/11\/Inauguration-Place-Wilmin-18-09-2015-DSC_1226.jpg?fit=640%2C964&amp;ssl=1\" class=\"aligncenter wp-image-187 size-medium\" src=\"https:\/\/i0.wp.com\/forbach-histoire.fr\/57\/wp-content\/uploads\/2016\/11\/Inauguration-Place-Wilmin-18-09-2015-DSC_1226.jpg?resize=199%2C300&#038;ssl=1\" alt=\"inauguration-place-wilmin-18-09-2015-dsc_1226\" width=\"199\" height=\"300\" srcset=\"https:\/\/i0.wp.com\/forbach-histoire.fr\/57\/wp-content\/uploads\/2016\/11\/Inauguration-Place-Wilmin-18-09-2015-DSC_1226.jpg?resize=199%2C300&amp;ssl=1 199w, https:\/\/i0.wp.com\/forbach-histoire.fr\/57\/wp-content\/uploads\/2016\/11\/Inauguration-Place-Wilmin-18-09-2015-DSC_1226.jpg?w=680&amp;ssl=1 680w\" sizes=\"(max-width: 199px) 100vw, 199px\" \/><\/a><\/p>\n<p style=\"text-align: center;\">Inauguration de la Place Henri Wilmin \u00e0 Forbach (face au Lyc\u00e9e Jean Moulin)<\/p>\n<hr \/>\n<p style=\"text-align: center;\">Diaporama de l&rsquo;exposition:<\/p>\n<h3 style=\"text-align: center;\"><a href=\"http:\/\/www.forbach-histoire.fr\/Albums\/expo2014\/index.html\" target=\"_blank\">\u00ab\u00a0La grande guerre 1914-1918\u00a0\u00bb<\/a><\/h3>\n<hr \/>\n<p style=\"text-align: center;\">Diaporama de l&rsquo;exposition 2013-2014:<\/p>\n<h3 style=\"text-align: center;\"><a href=\"http:\/\/www.forbach-histoire.fr\/Albums\/album3\/index.html\" target=\"_blank\">\u00ab\u00a090\u00e8me anniversaire de l&rsquo;Harmonie Municipale de Forbach\u00a0\u00bb<\/a><\/h3>\n<hr \/>\n<p style=\"text-align: center;\">Diaporama de l&rsquo;exposition juillet 2012 \u00e0 d\u00e9cembre 2012<\/p>\n<h3 style=\"text-align: center;\"><a href=\"http:\/\/www.forbach-histoire.fr\/Albums\/Expo_Verre_2012\/index.html\" target=\"_blank\">\u00ab\u00a0Les verreries dans l&rsquo;espace du Warndt du XVI au XIX\u00e8me si\u00e8cle\u00a0\u00bb<\/a><\/h3>\n<hr \/>\n<p style=\"text-align: center;\">Diaporama de l&rsquo;exposition 2011-2012<\/p>\n<h3 style=\"text-align: center;\"><a href=\"http:\/\/www.forbach-histoire.fr\/Albums\/album2\/index.html\" target=\"_blank\">\u00ab\u00a0Centenaire du transport en commun\u00a0\u00bb<\/a><\/h3>\n<p style=\"text-align: center;\">(DVD en vente dans nos publications)<\/p>\n<hr \/>\n<p style=\"text-align: center;\">Diaporama de l&rsquo;exposition 2010-2011<\/p>\n<h3 style=\"text-align: center;\"><a href=\"http:\/\/www.forbach-histoire.fr\/Albums\/album1\/index.html\" target=\"_blank\">\u00ab\u00a0Les objets ADT\u00a0\u00bb<\/a><\/h3>\n<hr \/>\n<p style=\"text-align: center;\">\n","protected":false},"excerpt":{"rendered":"<p>Espace d\u00e9di\u00e9 \u00e0 la m\u00e9moire locale \u00e0 l&rsquo;Office du Tourisme du Pays de Forbach, au Ch\u00e2teau Barrabino 18\/09\/2015 Inauguration de la Place Henri Wilmin \u00e0 Forbach (face au Lyc\u00e9e Jean Moulin) Diaporama de l&rsquo;exposition: \u00ab\u00a0La grande guerre 1914-1918\u00a0\u00bb Diaporama de l&rsquo;exposition 2013-2014: \u00ab\u00a090\u00e8me anniversaire de l&rsquo;Harmonie Municipale de Forbach\u00a0\u00bb Diaporama de l&rsquo;exposition juillet 2012 \u00e0 [&hellip;]<\/p>\n","protected":false},"author":1,"featured_media":0,"parent":0,"menu_order":0,"comment_status":"closed","ping_status":"closed","template":"","meta":{"jetpack_post_was_ever_published":false,"footnotes":""},"class_list":["post-198","page","type-page","status-publish","hentry"],"yoast_head":"<!-- This site is optimized with the Yoast SEO plugin v26.9 - https:\/\/yoast.com\/product\/yoast-seo-wordpress\/ -->\n<title>M\u00e9moire locale - Die Furbacher<\/title>\n<meta name=\"robots\" content=\"index, follow, max-snippet:-1, max-image-preview:large, max-video-preview:-1\" \/>\n<link rel=\"canonical\" href=\"https:\/\/forbach-histoire.fr\/57\/memoire-locale\/\" \/>\n<meta property=\"og:locale\" content=\"fr_FR\" \/>\n<meta property=\"og:type\" content=\"article\" \/>\n<meta property=\"og:title\" content=\"M\u00e9moire locale - Die Furbacher\" \/>\n<meta property=\"og:description\" content=\"Espace d\u00e9di\u00e9 \u00e0 la m\u00e9moire locale \u00e0 l&rsquo;Office du Tourisme du Pays de Forbach, au Ch\u00e2teau Barrabino 18\/09\/2015 Inauguration de la Place Henri Wilmin \u00e0 Forbach (face au Lyc\u00e9e Jean Moulin) Diaporama de l&rsquo;exposition: \u00ab\u00a0La grande guerre 1914-1918\u00a0\u00bb Diaporama de l&rsquo;exposition 2013-2014: \u00ab\u00a090\u00e8me anniversaire de l&rsquo;Harmonie Municipale de Forbach\u00a0\u00bb Diaporama de l&rsquo;exposition juillet 2012 \u00e0 [&hellip;]\" \/>\n<meta property=\"og:url\" content=\"https:\/\/forbach-histoire.fr\/57\/memoire-locale\/\" \/>\n<meta property=\"og:site_name\" content=\"Die Furbacher\" \/>\n<meta property=\"article:publisher\" content=\"https:\/\/www.facebook.com\/dieFurbacher\/\" \/>\n<meta property=\"article:modified_time\" content=\"2016-11-25T16:54:26+00:00\" \/>\n<meta property=\"og:image\" content=\"http:\/\/forbach-histoire.fr\/57\/wp-content\/uploads\/2016\/11\/Office-du-Tourisme-300x206.jpg\" \/>\n<meta name=\"twitter:label1\" content=\"Dur\u00e9e de lecture estim\u00e9e\" \/>\n\t<meta name=\"twitter:data1\" content=\"1 minute\" \/>\n<script type=\"application\/ld+json\" class=\"yoast-schema-graph\">{\"@context\":\"https:\/\/schema.org\",\"@graph\":[{\"@type\":\"WebPage\",\"@id\":\"https:\/\/forbach-histoire.fr\/57\/memoire-locale\/\",\"url\":\"https:\/\/forbach-histoire.fr\/57\/memoire-locale\/\",\"name\":\"M\u00e9moire locale - Die Furbacher\",\"isPartOf\":{\"@id\":\"https:\/\/forbach-histoire.fr\/57\/#website\"},\"primaryImageOfPage\":{\"@id\":\"https:\/\/forbach-histoire.fr\/57\/memoire-locale\/#primaryimage\"},\"image\":{\"@id\":\"https:\/\/forbach-histoire.fr\/57\/memoire-locale\/#primaryimage\"},\"thumbnailUrl\":\"http:\/\/forbach-histoire.fr\/57\/wp-content\/uploads\/2016\/11\/Office-du-Tourisme-300x206.jpg\",\"datePublished\":\"2016-11-07T18:35:36+00:00\",\"dateModified\":\"2016-11-25T16:54:26+00:00\",\"breadcrumb\":{\"@id\":\"https:\/\/forbach-histoire.fr\/57\/memoire-locale\/#breadcrumb\"},\"inLanguage\":\"fr-FR\",\"potentialAction\":[{\"@type\":\"ReadAction\",\"target\":[\"https:\/\/forbach-histoire.fr\/57\/memoire-locale\/\"]}]},{\"@type\":\"ImageObject\",\"inLanguage\":\"fr-FR\",\"@id\":\"https:\/\/forbach-histoire.fr\/57\/memoire-locale\/#primaryimage\",\"url\":\"http:\/\/forbach-histoire.fr\/57\/wp-content\/uploads\/2016\/11\/Office-du-Tourisme-300x206.jpg\",\"contentUrl\":\"http:\/\/forbach-histoire.fr\/57\/wp-content\/uploads\/2016\/11\/Office-du-Tourisme-300x206.jpg\"},{\"@type\":\"BreadcrumbList\",\"@id\":\"https:\/\/forbach-histoire.fr\/57\/memoire-locale\/#breadcrumb\",\"itemListElement\":[{\"@type\":\"ListItem\",\"position\":1,\"name\":\"Accueil\",\"item\":\"https:\/\/forbach-histoire.fr\/57\/\"},{\"@type\":\"ListItem\",\"position\":2,\"name\":\"M\u00e9moire locale\"}]},{\"@type\":\"WebSite\",\"@id\":\"https:\/\/forbach-histoire.fr\/57\/#website\",\"url\":\"https:\/\/forbach-histoire.fr\/57\/\",\"name\":\"Die Furbacher\",\"description\":\"\",\"publisher\":{\"@id\":\"https:\/\/forbach-histoire.fr\/57\/#organization\"},\"potentialAction\":[{\"@type\":\"SearchAction\",\"target\":{\"@type\":\"EntryPoint\",\"urlTemplate\":\"https:\/\/forbach-histoire.fr\/57\/?s={search_term_string}\"},\"query-input\":{\"@type\":\"PropertyValueSpecification\",\"valueRequired\":true,\"valueName\":\"search_term_string\"}}],\"inLanguage\":\"fr-FR\"},{\"@type\":\"Organization\",\"@id\":\"https:\/\/forbach-histoire.fr\/57\/#organization\",\"name\":\"Die Furbacher\",\"url\":\"https:\/\/forbach-histoire.fr\/57\/\",\"logo\":{\"@type\":\"ImageObject\",\"inLanguage\":\"fr-FR\",\"@id\":\"https:\/\/forbach-histoire.fr\/57\/#\/schema\/logo\/image\/\",\"url\":\"https:\/\/i2.wp.com\/forbach-histoire.fr\/57\/wp-content\/uploads\/2016\/09\/Logo_small.png?fit=360%2C203\",\"contentUrl\":\"https:\/\/i2.wp.com\/forbach-histoire.fr\/57\/wp-content\/uploads\/2016\/09\/Logo_small.png?fit=360%2C203\",\"width\":360,\"height\":203,\"caption\":\"Die Furbacher\"},\"image\":{\"@id\":\"https:\/\/forbach-histoire.fr\/57\/#\/schema\/logo\/image\/\"},\"sameAs\":[\"https:\/\/www.facebook.com\/dieFurbacher\/\"]}]}<\/script>\n<!-- \/ Yoast SEO plugin. -->","yoast_head_json":{"title":"M\u00e9moire locale - Die Furbacher","robots":{"index":"index","follow":"follow","max-snippet":"max-snippet:-1","max-image-preview":"max-image-preview:large","max-video-preview":"max-video-preview:-1"},"canonical":"https:\/\/forbach-histoire.fr\/57\/memoire-locale\/","og_locale":"fr_FR","og_type":"article","og_title":"M\u00e9moire locale - Die Furbacher","og_description":"Espace d\u00e9di\u00e9 \u00e0 la m\u00e9moire locale \u00e0 l&rsquo;Office du Tourisme du Pays de Forbach, au Ch\u00e2teau Barrabino 18\/09\/2015 Inauguration de la Place Henri Wilmin \u00e0 Forbach (face au Lyc\u00e9e Jean Moulin) Diaporama de l&rsquo;exposition: \u00ab\u00a0La grande guerre 1914-1918\u00a0\u00bb Diaporama de l&rsquo;exposition 2013-2014: \u00ab\u00a090\u00e8me anniversaire de l&rsquo;Harmonie Municipale de Forbach\u00a0\u00bb Diaporama de l&rsquo;exposition juillet 2012 \u00e0 [&hellip;]","og_url":"https:\/\/forbach-histoire.fr\/57\/memoire-locale\/","og_site_name":"Die Furbacher","article_publisher":"https:\/\/www.facebook.com\/dieFurbacher\/","article_modified_time":"2016-11-25T16:54:26+00:00","og_image":[{"url":"http:\/\/forbach-histoire.fr\/57\/wp-content\/uploads\/2016\/11\/Office-du-Tourisme-300x206.jpg","type":"","width":"","height":""}],"twitter_misc":{"Dur\u00e9e de lecture estim\u00e9e":"1 minute"},"schema":{"@context":"https:\/\/schema.org","@graph":[{"@type":"WebPage","@id":"https:\/\/forbach-histoire.fr\/57\/memoire-locale\/","url":"https:\/\/forbach-histoire.fr\/57\/memoire-locale\/","name":"M\u00e9moire locale - Die Furbacher","isPartOf":{"@id":"https:\/\/forbach-histoire.fr\/57\/#website"},"primaryImageOfPage":{"@id":"https:\/\/forbach-histoire.fr\/57\/memoire-locale\/#primaryimage"},"image":{"@id":"https:\/\/forbach-histoire.fr\/57\/memoire-locale\/#primaryimage"},"thumbnailUrl":"http:\/\/forbach-histoire.fr\/57\/wp-content\/uploads\/2016\/11\/Office-du-Tourisme-300x206.jpg","datePublished":"2016-11-07T18:35:36+00:00","dateModified":"2016-11-25T16:54:26+00:00","breadcrumb":{"@id":"https:\/\/forbach-histoire.fr\/57\/memoire-locale\/#breadcrumb"},"inLanguage":"fr-FR","potentialAction":[{"@type":"ReadAction","target":["https:\/\/forbach-histoire.fr\/57\/memoire-locale\/"]}]},{"@type":"ImageObject","inLanguage":"fr-FR","@id":"https:\/\/forbach-histoire.fr\/57\/memoire-locale\/#primaryimage","url":"http:\/\/forbach-histoire.fr\/57\/wp-content\/uploads\/2016\/11\/Office-du-Tourisme-300x206.jpg","contentUrl":"http:\/\/forbach-histoire.fr\/57\/wp-content\/uploads\/2016\/11\/Office-du-Tourisme-300x206.jpg"},{"@type":"BreadcrumbList","@id":"https:\/\/forbach-histoire.fr\/57\/memoire-locale\/#breadcrumb","itemListElement":[{"@type":"ListItem","position":1,"name":"Accueil","item":"https:\/\/forbach-histoire.fr\/57\/"},{"@type":"ListItem","position":2,"name":"M\u00e9moire locale"}]},{"@type":"WebSite","@id":"https:\/\/forbach-histoire.fr\/57\/#website","url":"https:\/\/forbach-histoire.fr\/57\/","name":"Die Furbacher","description":"","publisher":{"@id":"https:\/\/forbach-histoire.fr\/57\/#organization"},"potentialAction":[{"@type":"SearchAction","target":{"@type":"EntryPoint","urlTemplate":"https:\/\/forbach-histoire.fr\/57\/?s={search_term_string}"},"query-input":{"@type":"PropertyValueSpecification","valueRequired":true,"valueName":"search_term_string"}}],"inLanguage":"fr-FR"},{"@type":"Organization","@id":"https:\/\/forbach-histoire.fr\/57\/#organization","name":"Die Furbacher","url":"https:\/\/forbach-histoire.fr\/57\/","logo":{"@type":"ImageObject","inLanguage":"fr-FR","@id":"https:\/\/forbach-histoire.fr\/57\/#\/schema\/logo\/image\/","url":"https:\/\/i2.wp.com\/forbach-histoire.fr\/57\/wp-content\/uploads\/2016\/09\/Logo_small.png?fit=360%2C203","contentUrl":"https:\/\/i2.wp.com\/forbach-histoire.fr\/57\/wp-content\/uploads\/2016\/09\/Logo_small.png?fit=360%2C203","width":360,"height":203,"caption":"Die Furbacher"},"image":{"@id":"https:\/\/forbach-histoire.fr\/57\/#\/schema\/logo\/image\/"},"sameAs":["https:\/\/www.facebook.com\/dieFurbacher\/"]}]}},"jetpack_sharing_enabled":true,"jetpack_shortlink":"https:\/\/wp.me\/P8bw07-3c","jetpack-related-posts":[],"_links":{"self":[{"href":"https:\/\/forbach-histoire.fr\/57\/wp-json\/wp\/v2\/pages\/198","targetHints":{"allow":["GET"]}}],"collection":[{"href":"https:\/\/forbach-histoire.fr\/57\/wp-json\/wp\/v2\/pages"}],"about":[{"href":"https:\/\/forbach-histoire.fr\/57\/wp-json\/wp\/v2\/types\/page"}],"author":[{"embeddable":true,"href":"https:\/\/forbach-histoire.fr\/57\/wp-json\/wp\/v2\/users\/1"}],"replies":[{"embeddable":true,"href":"https:\/\/forbach-histoire.fr\/57\/wp-json\/wp\/v2\/comments?post=198"}],"version-history":[{"count":6,"href":"https:\/\/forbach-histoire.fr\/57\/wp-json\/wp\/v2\/pages\/198\/revisions"}],"predecessor-version":[{"id":356,"href":"https:\/\/forbach-histoire.fr\/57\/wp-json\/wp\/v2\/pages\/198\/revisions\/356"}],"wp:attachment":[{"href":"https:\/\/forbach-histoire.fr\/57\/wp-json\/wp\/v2\/media?parent=198"}],"curies":[{"name":"wp","href":"https:\/\/api.w.org\/{rel}","templated":true}]}}