{"id":143,"date":"2016-10-04T13:59:24","date_gmt":"2016-10-04T12:59:24","guid":{"rendered":"http:\/\/forbach-histoire.fr\/57\/?page_id=143"},"modified":"2017-01-24T14:24:27","modified_gmt":"2017-01-24T13:24:27","slug":"la-phototheque","status":"publish","type":"page","link":"https:\/\/forbach-histoire.fr\/57\/la-phototheque\/","title":{"rendered":"La phototh\u00e8que"},"content":{"rendered":"<p>La phototh\u00e8que de l&rsquo;association est en ligne en cliquant sur le lien ci-dessous.<\/p>\n<p>Une nouvelle page va s&rsquo;ouvrir.<\/p>\n<p>&nbsp;<\/p>\n<h2 style=\"text-align: center;\"><strong><a href=\"http:\/\/www.forbach-histoire.fr\/piwi\/piwigo\/\" target=\"_blank\">Lien vers la PHOTOTHEQUE\u00a0du cercle d&rsquo;histoire locale de Forbach et sa r\u00e9gion<\/a><\/strong><\/h2>\n<p>&nbsp;<\/p>\n<p>Nota bene: \u00a0<strong>Copyright \u00a0&amp; droits de reproduction<\/strong><\/p>\n<p>Pour obtenir le fichier d&rsquo;une photographie (en taille r\u00e9elle, sans filigrane ou watermark), merci de nous adresser un message en pr\u00e9cisant le nom de la photographie souhait\u00e9e, le motif et l&rsquo;usage de votre demande.<\/p>\n<p>Une r\u00e9ponse positive ou n\u00e9gative vous sera apport\u00e9e.<\/p>\n<p>Par ailleurs, nous informons les personnes d\u00e9sirant copier, subtiliser, d\u00e9tourner, r\u00e9utiliser, diffuser les photos sans notre accord \u00e9crit, que nous nous r\u00e9servons le droit de veiller \u00e0 la d\u00e9fense de nos int\u00e9r\u00eats ou ceux de nos membres, en les poursuivant en justice pour tout\u00a0fait d\u00e9lictueux vis-\u00e0-vis de notre propri\u00e9t\u00e9 r\u00e9elle, intellectuelle ou artistique.<\/p>\n<p>Ces photos, constituant un r\u00e9el patrimoine de notre association, ont repr\u00e9sent\u00e9 un travail certain, non seulement pour leur auteur Jean-Claude Oster qui l&rsquo;a construite, mais \u00e9galement pour les b\u00e9n\u00e9voles de notre association.<\/p>\n","protected":false},"excerpt":{"rendered":"<p>La phototh\u00e8que de l&rsquo;association est en ligne en cliquant sur le lien ci-dessous. Une nouvelle page va s&rsquo;ouvrir. &nbsp; Lien vers la PHOTOTHEQUE\u00a0du cercle d&rsquo;histoire locale de Forbach et sa r\u00e9gion &nbsp; Nota bene: \u00a0Copyright \u00a0&amp; droits de reproduction Pour obtenir le fichier d&rsquo;une photographie (en taille r\u00e9elle, sans filigrane ou watermark), merci de nous [&hellip;]<\/p>\n","protected":false},"author":1,"featured_media":0,"parent":0,"menu_order":0,"comment_status":"closed","ping_status":"closed","template":"","meta":{"jetpack_post_was_ever_published":false,"footnotes":""},"class_list":["post-143","page","type-page","status-publish","hentry"],"yoast_head":"<!-- This site is optimized with the Yoast SEO plugin v26.9 - https:\/\/yoast.com\/product\/yoast-seo-wordpress\/ -->\n<title>La phototh\u00e8que - Die Furbacher<\/title>\n<meta name=\"robots\" content=\"index, follow, max-snippet:-1, max-image-preview:large, max-video-preview:-1\" \/>\n<link rel=\"canonical\" href=\"https:\/\/forbach-histoire.fr\/57\/la-phototheque\/\" \/>\n<meta property=\"og:locale\" content=\"fr_FR\" \/>\n<meta property=\"og:type\" content=\"article\" \/>\n<meta property=\"og:title\" content=\"La phototh\u00e8que - Die Furbacher\" \/>\n<meta property=\"og:description\" content=\"La phototh\u00e8que de l&rsquo;association est en ligne en cliquant sur le lien ci-dessous. Une nouvelle page va s&rsquo;ouvrir. &nbsp; Lien vers la PHOTOTHEQUE\u00a0du cercle d&rsquo;histoire locale de Forbach et sa r\u00e9gion &nbsp; Nota bene: \u00a0Copyright \u00a0&amp; droits de reproduction Pour obtenir le fichier d&rsquo;une photographie (en taille r\u00e9elle, sans filigrane ou watermark), merci de nous [&hellip;]\" \/>\n<meta property=\"og:url\" content=\"https:\/\/forbach-histoire.fr\/57\/la-phototheque\/\" \/>\n<meta property=\"og:site_name\" content=\"Die Furbacher\" \/>\n<meta property=\"article:publisher\" content=\"https:\/\/www.facebook.com\/dieFurbacher\/\" \/>\n<meta property=\"article:modified_time\" content=\"2017-01-24T13:24:27+00:00\" \/>\n<meta name=\"twitter:label1\" content=\"Dur\u00e9e de lecture estim\u00e9e\" \/>\n\t<meta name=\"twitter:data1\" content=\"1 minute\" \/>\n<script type=\"application\/ld+json\" class=\"yoast-schema-graph\">{\"@context\":\"https:\/\/schema.org\",\"@graph\":[{\"@type\":\"WebPage\",\"@id\":\"https:\/\/forbach-histoire.fr\/57\/la-phototheque\/\",\"url\":\"https:\/\/forbach-histoire.fr\/57\/la-phototheque\/\",\"name\":\"La phototh\u00e8que - Die Furbacher\",\"isPartOf\":{\"@id\":\"https:\/\/forbach-histoire.fr\/57\/#website\"},\"datePublished\":\"2016-10-04T12:59:24+00:00\",\"dateModified\":\"2017-01-24T13:24:27+00:00\",\"breadcrumb\":{\"@id\":\"https:\/\/forbach-histoire.fr\/57\/la-phototheque\/#breadcrumb\"},\"inLanguage\":\"fr-FR\",\"potentialAction\":[{\"@type\":\"ReadAction\",\"target\":[\"https:\/\/forbach-histoire.fr\/57\/la-phototheque\/\"]}]},{\"@type\":\"BreadcrumbList\",\"@id\":\"https:\/\/forbach-histoire.fr\/57\/la-phototheque\/#breadcrumb\",\"itemListElement\":[{\"@type\":\"ListItem\",\"position\":1,\"name\":\"Accueil\",\"item\":\"https:\/\/forbach-histoire.fr\/57\/\"},{\"@type\":\"ListItem\",\"position\":2,\"name\":\"La phototh\u00e8que\"}]},{\"@type\":\"WebSite\",\"@id\":\"https:\/\/forbach-histoire.fr\/57\/#website\",\"url\":\"https:\/\/forbach-histoire.fr\/57\/\",\"name\":\"Die Furbacher\",\"description\":\"\",\"publisher\":{\"@id\":\"https:\/\/forbach-histoire.fr\/57\/#organization\"},\"potentialAction\":[{\"@type\":\"SearchAction\",\"target\":{\"@type\":\"EntryPoint\",\"urlTemplate\":\"https:\/\/forbach-histoire.fr\/57\/?s={search_term_string}\"},\"query-input\":{\"@type\":\"PropertyValueSpecification\",\"valueRequired\":true,\"valueName\":\"search_term_string\"}}],\"inLanguage\":\"fr-FR\"},{\"@type\":\"Organization\",\"@id\":\"https:\/\/forbach-histoire.fr\/57\/#organization\",\"name\":\"Die Furbacher\",\"url\":\"https:\/\/forbach-histoire.fr\/57\/\",\"logo\":{\"@type\":\"ImageObject\",\"inLanguage\":\"fr-FR\",\"@id\":\"https:\/\/forbach-histoire.fr\/57\/#\/schema\/logo\/image\/\",\"url\":\"https:\/\/i2.wp.com\/forbach-histoire.fr\/57\/wp-content\/uploads\/2016\/09\/Logo_small.png?fit=360%2C203\",\"contentUrl\":\"https:\/\/i2.wp.com\/forbach-histoire.fr\/57\/wp-content\/uploads\/2016\/09\/Logo_small.png?fit=360%2C203\",\"width\":360,\"height\":203,\"caption\":\"Die Furbacher\"},\"image\":{\"@id\":\"https:\/\/forbach-histoire.fr\/57\/#\/schema\/logo\/image\/\"},\"sameAs\":[\"https:\/\/www.facebook.com\/dieFurbacher\/\"]}]}<\/script>\n<!-- \/ Yoast SEO plugin. -->","yoast_head_json":{"title":"La phototh\u00e8que - Die Furbacher","robots":{"index":"index","follow":"follow","max-snippet":"max-snippet:-1","max-image-preview":"max-image-preview:large","max-video-preview":"max-video-preview:-1"},"canonical":"https:\/\/forbach-histoire.fr\/57\/la-phototheque\/","og_locale":"fr_FR","og_type":"article","og_title":"La phototh\u00e8que - Die Furbacher","og_description":"La phototh\u00e8que de l&rsquo;association est en ligne en cliquant sur le lien ci-dessous. Une nouvelle page va s&rsquo;ouvrir. &nbsp; Lien vers la PHOTOTHEQUE\u00a0du cercle d&rsquo;histoire locale de Forbach et sa r\u00e9gion &nbsp; Nota bene: \u00a0Copyright \u00a0&amp; droits de reproduction Pour obtenir le fichier d&rsquo;une photographie (en taille r\u00e9elle, sans filigrane ou watermark), merci de nous [&hellip;]","og_url":"https:\/\/forbach-histoire.fr\/57\/la-phototheque\/","og_site_name":"Die Furbacher","article_publisher":"https:\/\/www.facebook.com\/dieFurbacher\/","article_modified_time":"2017-01-24T13:24:27+00:00","twitter_misc":{"Dur\u00e9e de lecture estim\u00e9e":"1 minute"},"schema":{"@context":"https:\/\/schema.org","@graph":[{"@type":"WebPage","@id":"https:\/\/forbach-histoire.fr\/57\/la-phototheque\/","url":"https:\/\/forbach-histoire.fr\/57\/la-phototheque\/","name":"La phototh\u00e8que - Die Furbacher","isPartOf":{"@id":"https:\/\/forbach-histoire.fr\/57\/#website"},"datePublished":"2016-10-04T12:59:24+00:00","dateModified":"2017-01-24T13:24:27+00:00","breadcrumb":{"@id":"https:\/\/forbach-histoire.fr\/57\/la-phototheque\/#breadcrumb"},"inLanguage":"fr-FR","potentialAction":[{"@type":"ReadAction","target":["https:\/\/forbach-histoire.fr\/57\/la-phototheque\/"]}]},{"@type":"BreadcrumbList","@id":"https:\/\/forbach-histoire.fr\/57\/la-phototheque\/#breadcrumb","itemListElement":[{"@type":"ListItem","position":1,"name":"Accueil","item":"https:\/\/forbach-histoire.fr\/57\/"},{"@type":"ListItem","position":2,"name":"La phototh\u00e8que"}]},{"@type":"WebSite","@id":"https:\/\/forbach-histoire.fr\/57\/#website","url":"https:\/\/forbach-histoire.fr\/57\/","name":"Die Furbacher","description":"","publisher":{"@id":"https:\/\/forbach-histoire.fr\/57\/#organization"},"potentialAction":[{"@type":"SearchAction","target":{"@type":"EntryPoint","urlTemplate":"https:\/\/forbach-histoire.fr\/57\/?s={search_term_string}"},"query-input":{"@type":"PropertyValueSpecification","valueRequired":true,"valueName":"search_term_string"}}],"inLanguage":"fr-FR"},{"@type":"Organization","@id":"https:\/\/forbach-histoire.fr\/57\/#organization","name":"Die Furbacher","url":"https:\/\/forbach-histoire.fr\/57\/","logo":{"@type":"ImageObject","inLanguage":"fr-FR","@id":"https:\/\/forbach-histoire.fr\/57\/#\/schema\/logo\/image\/","url":"https:\/\/i2.wp.com\/forbach-histoire.fr\/57\/wp-content\/uploads\/2016\/09\/Logo_small.png?fit=360%2C203","contentUrl":"https:\/\/i2.wp.com\/forbach-histoire.fr\/57\/wp-content\/uploads\/2016\/09\/Logo_small.png?fit=360%2C203","width":360,"height":203,"caption":"Die Furbacher"},"image":{"@id":"https:\/\/forbach-histoire.fr\/57\/#\/schema\/logo\/image\/"},"sameAs":["https:\/\/www.facebook.com\/dieFurbacher\/"]}]}},"jetpack_sharing_enabled":true,"jetpack_shortlink":"https:\/\/wp.me\/P8bw07-2j","jetpack-related-posts":[],"_links":{"self":[{"href":"https:\/\/forbach-histoire.fr\/57\/wp-json\/wp\/v2\/pages\/143","targetHints":{"allow":["GET"]}}],"collection":[{"href":"https:\/\/forbach-histoire.fr\/57\/wp-json\/wp\/v2\/pages"}],"about":[{"href":"https:\/\/forbach-histoire.fr\/57\/wp-json\/wp\/v2\/types\/page"}],"author":[{"embeddable":true,"href":"https:\/\/forbach-histoire.fr\/57\/wp-json\/wp\/v2\/users\/1"}],"replies":[{"embeddable":true,"href":"https:\/\/forbach-histoire.fr\/57\/wp-json\/wp\/v2\/comments?post=143"}],"version-history":[{"count":9,"href":"https:\/\/forbach-histoire.fr\/57\/wp-json\/wp\/v2\/pages\/143\/revisions"}],"predecessor-version":[{"id":527,"href":"https:\/\/forbach-histoire.fr\/57\/wp-json\/wp\/v2\/pages\/143\/revisions\/527"}],"wp:attachment":[{"href":"https:\/\/forbach-histoire.fr\/57\/wp-json\/wp\/v2\/media?parent=143"}],"curies":[{"name":"wp","href":"https:\/\/api.w.org\/{rel}","templated":true}]}}